{"id":449,"date":"2023-12-21T07:35:23","date_gmt":"2023-12-21T06:35:23","guid":{"rendered":"https:\/\/niemiecki-online.eu\/?page_id=449"},"modified":"2024-01-22T13:50:53","modified_gmt":"2024-01-22T12:50:53","slug":"polityka-prywatnosci-2","status":"publish","type":"page","link":"https:\/\/niemiecki-online.eu\/?page_id=449","title":{"rendered":"Polityka prywatno\u015bci"},"content":{"rendered":"\n<p class=\" eplus-wrapper\"><strong>Polityka prywatno\u015bci<\/strong><\/p>\n\n\n\n<p class=\" eplus-wrapper\">Polityka prywatno\u015bci prezentuje informacje dotycz\u0105ce przetwarzania danych osobowych, wykorzystywania plik\u00f3w cookie oraz innych technologii w trakcie korzystania z Serwisu, a tak\u017ce prowadzonych przez Administratora profili w mediach spo\u0142eczno\u015bciowych. Polityka prywatno\u015bci ma zastosowanie do wszystkich witryn internetowych lub us\u0142ug, kt\u00f3re zawieraj\u0105 do niej odniesienie.<\/p>\n\n\n\n<p class=\" eplus-wrapper\"><strong>Zakres przetwarzanych danych.<\/strong><\/p>\n\n\n\n<p class=\" eplus-wrapper\">Chodzi o&nbsp;dane osobowe, kt\u00f3re s\u0105 zbierane w&nbsp;ramach korzystania przez Pa\u0144stwa z Serwisu <a href=\"http:\/\/www.niemiecki-online.eu\">www.niemiecki-online.eu<\/a> :&nbsp;<\/p>\n\n\n\n<p class=\" eplus-wrapper\">a) imi\u0119 i nazwisko,<\/p>\n\n\n\n<p class=\" eplus-wrapper\">b) adres mailowy\/numer telefonu,<\/p>\n\n\n\n<p class=\" eplus-wrapper\">c) dane wskazane do wystawienia faktury\/rachunku.<\/p>\n\n\n<ul class=\"eplus-wrapper wp-block-list eplus-styles-uid-0c6d0e\"><\/ul>\n\n\n<p class=\" eplus-wrapper\">Dane zbierane w procesie profilowania opisane zosta\u0142y w rozdziale VIII poni\u017cej.<\/p>\n\n\n\n<p class=\" eplus-wrapper\"><strong>Administrator danych osobowych.<\/strong><\/p>\n\n\n<ol class=\"eplus-wrapper wp-block-list eplus-styles-uid-070d3e\">\n<li class=\" eplus-wrapper\">Administratorem bazy danych jest El\u017cbieta Sztramska prowadz\u0105ca dzia\u0142alno\u015b\u0107 gospodarcz\u0105 pod nazw\u0105 Niemiecki Online El\u017cbieta Sztramska z siedzib\u0105 przy ul. Kr\u0119ta 1C\u00a0 w Dachowie\u00a0 (NIP: 5742050616, REGON: 381614965). Firma jest wpisana do Centralnej Ewidencji i Informacji o Dzia\u0142alno\u015bci Gospodarczej, a organem prowadz\u0105cy rejestr jest Minister Przedsi\u0119biorczo\u015bci i Technologii.\u00a0<\/li>\n\n\n\n<li class=\" eplus-wrapper\">Administrator danych osobowych Serwisu, dba o bezpiecze\u0144stwo udost\u0119pnionych przez U\u017cytkownik\u00f3w danych osobowych. Administrator przestrzega przepis\u00f3w obowi\u0105zuj\u0105cego prawa w tym \u2013 og\u00f3lnego rozporz\u0105dzenia o ochronie danych osobowych z dnia 27 kwietnia 2016 r. w szczeg\u00f3lno\u015bci wype\u0142niaj\u0105c obowi\u0105zki z niej wynikaj\u0105ce i umo\u017cliwiaj\u0105c U\u017cytkownikom prawo wgl\u0105du do w\u0142asnych danych, prawo \u017c\u0105dania ich aktualizacji i usuni\u0119cia oraz prawo wniesienia sprzeciwu w przypadkach okre\u015blonych w przepisach w\/w ustawy.\u00a0<\/li>\n\n\n\n<li class=\" eplus-wrapper\">Administrator stosuje odpowiednie \u015brodki techniczne i organizacyjne zapewniaj\u0105ce ochron\u0119 przetwarzanych danych, w szczeg\u00f3lno\u015bci zabezpiecza dane przed ich udost\u0119pnieniem osobom nieupowa\u017cnionym, jak r\u00f3wnie\u017c przed ich przetwarzaniem z naruszeniem obowi\u0105zuj\u0105cych przepis\u00f3w prawa.<\/li>\n<\/ol>\n\n\n<p class=\" eplus-wrapper\"><strong>Cel przetwarzania danych osobowych<\/strong><\/p>\n\n\n<ol class=\"eplus-wrapper wp-block-list eplus-styles-uid-7b6d82\">\n<li class=\" eplus-wrapper\">Dane osobowe U\u017cytkownik\u00f3w s\u0105 przetwarzane wy\u0142\u0105cznie w celach wskazanych w powszechnie obowi\u0105zuj\u0105cych przepisach prawa oraz w Regulaminie Serwisu, w tym w szczeg\u00f3lno\u015bci w zakresie niezb\u0119dnym do \u015bwiadczenia us\u0142ug oraz dla pomiar\u00f3w statystycznych i\u00a0marketingu w\u0142asnego Administratora (tzw. uzasadniony interes administratora zgodnie z art. 6 ust. 1 lit. F RODO) tj:<\/li>\n<\/ol>\n\n\n<p class=\" eplus-wrapper\">a) w zwi\u0105zku z zawart\u0105 ze Serwisem umow\u0105 (sprzeda\u017cy, wysy\u0142ania newslettera), poniewa\u017c przetwarzanie jest niezb\u0119dne do wykonania umowy;<\/p>\n\n\n\n<p class=\" eplus-wrapper\">b) w celu ustalenia, dochodzenia lub obrony przed roszczeniami zwi\u0105zanymi z zawart\u0105 z U\u017cytkownikiem umow\u0105 lub z przetwarzaniem ich danych osobowych, poniewa\u017c przetwarzanie jest niezb\u0119dne do realizacji prawnie uzasadnionego interesu Administratora;<\/p>\n\n\n\n<p class=\" eplus-wrapper\">c) w celu spe\u0142nienia ci\u0105\u017c\u0105cych na Administratorze obowi\u0105zk\u00f3w prawnych, poniewa\u017c przetwarzanie w tym przypadku jest niezb\u0119dne do wype\u0142nienia wymog\u00f3w prawnych, kt\u00f3rym podlega Administrator (podstawa prawna: art. 6 ust. 1 lit. c RODO);<\/p>\n\n\n\n<p class=\" eplus-wrapper\">d) Przetwarzanie danych osobowych U\u017cytkownik\u00f3w w innych celach odbywa\u0107 si\u0119 b\u0119dzie wy\u0142\u0105cznie po uzyskaniu zgody U\u017cytkownika i w zakresie okre\u015blonym w przedmiotowej zgodzie.<\/p>\n\n\n<ol class=\"eplus-wrapper wp-block-list eplus-styles-uid-d9d1c7\"><\/ol>\n\n\n<p class=\" eplus-wrapper\"><strong>Okres przetwarzania danych osobowych<\/strong><\/p>\n\n\n\n<p class=\" eplus-wrapper\">1. Dane osobowe pozyskane w wyniku zawarcia umowy s\u0105 przetwarzane od momentu ich pozyskania od U\u017cytkownika do momentu:<\/p>\n\n\n<ol class=\"eplus-wrapper wp-block-list eplus-styles-uid-ed01e9\"><\/ol>\n\n\n<p class=\" has-text-align-left eplus-wrapper\">a) up\u0142ywu okresu przewidzianego na z\u0142o\u017cenie procedury reklamacyjnej,<\/p>\n\n\n\n<p class=\" has-text-align-left eplus-wrapper\">b) \u017c\u0105dania zaprzestania przetwarzania danych osobowych\/usuni\u0119cia danych osobowych w wypadku korzystania U\u017cytkownika z us\u0142ugi wysy\u0142ania newslettera (w\/w \u017c\u0105danie spowoduje zaprzestanie realizacji tej us\u0142ugi).<\/p>\n\n\n\n<p class=\" eplus-wrapper\">2. Dane osobowe pozyskane na podstawie zgody ich w\u0142a\u015bciciela przetwarzamy od momentu udzielenia odpowiedniej zgody do momentu jej odwo\u0142ania\/\u017c\u0105dania zaprzestania przetwarzania danych osobowych\/\u017c\u0105dania usuni\u0119cia przetwarzania danych osobowych przez ich w\u0142a\u015bciciela.<\/p>\n\n\n<ol class=\"eplus-wrapper wp-block-list eplus-styles-uid-3d99f2\"><\/ol>\n\n\n<p class=\" eplus-wrapper\">3. Dane zbierane w ramach profilowania przetwarzamy od momentu rozpocz\u0119cia korzystania z Serwisu (wej\u015bcia na nasz\u0105 stron\u0119) do momentu wyra\u017cenia sprzeciwu wobec profilowania.<\/p>\n\n\n\n<p class=\" eplus-wrapper\">4. W celu ustalenia, dochodzenia lub obrony przed roszczeniami \u2013 dane osobowe s\u0105 przetwarzane do momentu przedawnienia roszcze\u0144 z tytu\u0142u umowy lub roszcze\u0144 zwi\u0105zanych z przetwarzaniem danych osobowych.<\/p>\n\n\n\n<p class=\" eplus-wrapper\">5. Dane osobowe przetwarzane w zwi\u0105zku z obowi\u0105zkiem ustawowym Administratora (podatkowym) b\u0119d\u0105 przechowywane przez okres wskazany w odpowiedniej ustawie i w celu w niej wskazanym.<\/p>\n\n\n<ol class=\"eplus-wrapper wp-block-list eplus-styles-uid-681de5\"><\/ol>\n\n\n<p class=\" eplus-wrapper\"><strong>Przekazywanie danych osobowych<\/strong><\/p>\n\n\n\n<p class=\" eplus-wrapper\">1. Administrator przekazuje Pa\u0144stwa dane jedynie podmiotom przetwarzaj\u0105cym je na\u00a0jego zlecenie b\u0119d\u0105cymi jego podwykonawcami (np. firmom programistycznym), oraz\u00a0na \u017c\u0105danie o podmiot\u00f3w uprawnionych do\u00a0ich uzyskania na\u00a0podstawie obowi\u0105zuj\u0105cego prawa (np.\u00a0s\u0105dom). Pa\u0144stwa dane nie b\u0119d\u0105 przekazywane poza EOG ani udost\u0119pniane organizacjom mi\u0119dzynarodowym z zastrze\u017ceniem punktu 2 i 3 poni\u017cej.<\/p>\n\n\n\n<p class=\" eplus-wrapper\">2. Witryna internetowa Administratora korzysta z Google Analytics, us\u0142ugi analizy ogl\u0105dalno\u015bci stron internetowych udost\u0119pnianej przez Google, Inc. (\u201cGoogle\u201d). Google Analytics u\u017cywa \u201ccookies\u201d, czyli plik\u00f3w tekstowych umieszczanych na komputerze u\u017cytkownika w celu umo\u017cliwienia witrynie przeanalizowania sposobu, w jaki u\u017cytkownicy z niej korzystaj\u0105. Informacje generowane przez cookie na temat korzystania z witryny przez u\u017cytkownika (w\u0142\u0105cznie z jego adresem IP) b\u0119d\u0105 przekazywane sp\u00f3\u0142ce Google i przechowywane przez ni\u0105 na serwerach w Stanach Zjednoczonych. Google b\u0119dzie korzysta\u0142a z tych informacji w celu oceny korzystania z witryny przez u\u017cytkownika, tworzenia raport\u00f3w dotycz\u0105cych ruchu na stronach dla operator\u00f3w witryn oraz \u015bwiadczenia innych us\u0142ug zwi\u0105zanych z ruchem na witrynach internetowych i korzystaniem z Internetu. Google mo\u017ce r\u00f3wnie\u017c przekazywa\u0107 te informacje osobom trzecim, je\u017celi b\u0119dzie zobowi\u0105zana to uczyni\u0107 na podstawie przepis\u00f3w prawa lub w przypadku, gdy osoby te przetwarzaj\u0105 takie informacje w imieniu Google. Google nie b\u0119dzie \u0142\u0105czy\u0142a adresu IP u\u017cytkownika z \u017cadnymi innymi danymi b\u0119d\u0105cymi w jej posiadaniu. U\u017cytkownik mo\u017ce zrezygnowa\u0107 z cookies wybieraj\u0105c odpowiednie ustawienia na przegl\u0105darce, jednak nale\u017cy pami\u0119ta\u0107, \u017ce w takim przypadku korzystanie z wszystkich funkcji witryny mo\u017ce okaza\u0107 si\u0119 niemo\u017cliwe. Korzystaj\u0105c z niniejszej witryny internetowej u\u017cytkownik wyra\u017ca zgod\u0119 na przetwarzanie przez Google dotycz\u0105cych go danych w spos\u00f3b i w celach okre\u015blonych powy\u017cej.<\/p>\n\n\n\n<p class=\" eplus-wrapper\">3. Dostawcy zewn\u0119trzni w tym Google mog\u0105 wy\u015bwietla\u0107 reklamy zlecane przez Administratora w witrynach internetowych udost\u0119pniaj\u0105cych swoj\u0105 powierzchni\u0119 reklamow\u0105. Dostawcy ci, w tym Google, mog\u0105 u\u017cywa\u0107 plik\u00f3w cookie do wy\u015bwietlania reklam w oparciu o poprzednie odwiedziny u\u017cytkownika na stronach www.bgzbnpparibas.pl i stronach z ni\u0105 powi\u0105zanych. U\u017cytkownik mo\u017ce zrezygnowa\u0107 z wykorzystywania plik\u00f3w cookie Google i wy\u0142\u0105czy\u0107 je na stronie\u00a0<a href=\"http:\/\/www.google.pl\/privacy\/ads\/\">opcji reklam Google<\/a>.<\/p>\n\n\n\n<p class=\" eplus-wrapper\">4. Odno\u015bnie wszelkich w\u0105tpliwo\u015bci dotycz\u0105cych danych osobowych prosimy pisa\u0107 pod adres mailowy:\u00a0<a href=\"mailto:elzbieta.sztramska@gmail.com\">elzbieta.sztramska@gmail.com<\/a><\/p>\n\n\n<ol class=\"eplus-wrapper wp-block-list eplus-styles-uid-6d55a1\"><\/ol>\n\n\n<p class=\" eplus-wrapper\"><strong>Prawa w\u0142a\u015bcicieli danych<\/strong><\/p>\n\n\n<ol class=\"eplus-wrapper wp-block-list eplus-styles-uid-e5999f\">\n<li class=\" eplus-wrapper\">Posiadaj\u0105 Pa\u0144stwo prawo dost\u0119pu do tre\u015bci swoich danych oraz prawo ich sprostowania, usuni\u0119cia, ograniczenia przetwarzania, prawo do przenoszenia danych, prawo wniesienia sprzeciwu, prawo do cofni\u0119cia zgody w dowolnym momencie bez wp\u0142ywu na zgodno\u015b\u0107 z prawem przetwarzania, kt\u00f3rego dokonano na podstawie zgody przed jej cofni\u0119ciem.<\/li>\n\n\n\n<li class=\" eplus-wrapper\">Zgoda mo\u017ce zosta\u0107 cofni\u0119ta w poprzez wys\u0142anie wiadomo\u015bci e-mail na adres:\u00a0 <a href=\"mailto:elzbieta.sztramska@gmail.com\">elzbieta.sztramska@gmail.com<\/a>\u00a0spod adresu, kt\u00f3rego zgoda dotyczy. W przypadku usuni\u0119cia danych warunkuj\u0105cych korzystanie z us\u0142ugi newslettera, U\u017cytkownik traci mo\u017cliwo\u015b\u0107 korzystania z oferowanych w jego ramach us\u0142ug.<\/li>\n\n\n\n<li class=\" eplus-wrapper\">W zakresie, w jakim Pa\u0144stwa dane przetwarzane s\u0105 na podstawie prawnie uzasadnionego interesu Administratora, przys\u0142uguje Pa\u0144stwu prawo do wniesienia sprzeciwu wobec ich przetwarzania ze wzgl\u0119du na szczeg\u00f3ln\u0105 sytuacj\u0119.<\/li>\n\n\n\n<li class=\" eplus-wrapper\">Posiadaj\u0105 Pa\u0144stwo prawo do przenoszenia Pa\u0144stwa danych osobowych, tj. prawo otrzymania od Administratora Pa\u0144stwa danych osobowych w ustrukturyzowanym, powszechnie u\u017cywanym formacie informatycznym nadaj\u0105cym si\u0119 do odczytu maszynowego.\u00a0<\/li>\n\n\n\n<li class=\" eplus-wrapper\">Maj\u0105 Pa\u0144stwo r\u00f3wnie\u017c prawo wniesienia skargi do UODO w wypadku uznania, i\u017c przetwarzanie danych osobowych Pa\u0144stwa dotycz\u0105cych narusza przepisy og\u00f3lnego rozporz\u0105dzenia o ochronie danych osobowych z dnia 27 kwietnia 2016 r.\u00a0<\/li>\n<\/ol>\n\n<ol class=\"eplus-wrapper wp-block-list eplus-styles-uid-5efc64\"><\/ol>\n\n\n<p class=\" eplus-wrapper\"><strong>Podstawy prawne przetwarzania danych<\/strong><\/p>\n\n\n<ol class=\"eplus-wrapper wp-block-list eplus-styles-uid-9398d3\">\n<li class=\" eplus-wrapper\">Serwis przetwarza Pa\u0144stwa dane na podstawie prawnej zgodnej z\u00a0obowi\u0105zuj\u0105cymi przepisami.\u00a0<\/li>\n\n\n\n<li class=\" eplus-wrapper\">Podstaw\u0105 prawn\u0105 przetwarzania danych w\u00a0celu \u015bwiadczenia us\u0142ug dla U\u017cytkownik\u00f3w Serwisu, jest umowa (okre\u015blona Regulaminem), lub odpowiednia zgoda.\u00a0<\/li>\n\n\n\n<li class=\" eplus-wrapper\">Administrator musi korzysta\u0107 z danych U\u017cytkownik\u00f3w w celu realizacji us\u0142ug Serwisu. Dzia\u0142ania te obejmuj\u0105 r\u00f3wnie\u017c rozw\u00f3j Serwisu, lepsze dopasowanie wy\u015bwietlanych tre\u015bci do indywidualnych preferencji U\u017cytkownik\u00f3w, dokonywanie analiz w celu doskonalenia \u015bwiadczonych us\u0142ug, oraz mechanizm\u00f3w zapewniaj\u0105cych bezpiecze\u0144stwo.\u00a0<\/li>\n\n\n\n<li class=\" eplus-wrapper\">Podstaw\u0105 prawn\u0105 dla pomiar\u00f3w statystycznych i\u00a0marketingu w\u0142asnego Administratora jest tzw. uzasadniony interes administratora zgodnie z art. 6 ust. 1 lit. F RODO.<\/li>\n\n\n\n<li class=\" eplus-wrapper\">Podstaw\u0105 prawn\u0105 przetwarzania danych osobowych w\u00a0celach innych ni\u017c w\/w jest odr\u0119bna dobrowolna zgoda ich w\u0142a\u015bciciela.<\/li>\n<\/ol>\n\n\n<p class=\" eplus-wrapper\"><strong>Profilowanie<\/strong><\/p>\n\n\n<ol class=\"eplus-wrapper wp-block-list eplus-styles-uid-64b9a8\">\n<li class=\" eplus-wrapper\">Profilowanie to przetwarzanie Pa\u0144stwa danych w spos\u00f3b zautomatyzowany s\u0142u\u017c\u0105cy analityce i reklamie. Ka\u017cdy w\u0142a\u015bciciel danych ma prawo wyra\u017cenia sprzeciwu wobec profilowania.<\/li>\n\n\n\n<li class=\" eplus-wrapper\">Administrator analizuje dane osobowe subskrybent\u00f3w newslettera, histori\u0119 otwierania i przegl\u0105dania newslettera, histori\u0119 przegl\u0105dania Serwisu, histori\u0119 transakcji dokonywanych w ramach Serwisu, histori\u0119 aktywno\u015bci na profilach medi\u00f3w spo\u0142eczno\u015bciowych na platformach Instagram, Facebook. Przedmiotowa analiza jest podejmowana w spos\u00f3b zautomatyzowany na zasadach oferowanych przez dostawc\u00f3w danych us\u0142ug. Analiza danych nie wywo\u0142uje jednak skutk\u00f3w prawnych lub w podobny spos\u00f3b nie wp\u0142ywa istotnie na sytuacj\u0119 U\u017cytkownika, w tym jego prawa lub wolno\u015bci.<\/li>\n\n\n\n<li class=\" eplus-wrapper\">Celem przetwarzania danych w spos\u00f3b zautomatyzowany jest poznanie przez Administratora preferencji U\u017cytkownik\u00f3w w celu dostosowania tworzonych przez Administratora tre\u015bci, ofert lub komunikat\u00f3w do preferencji zbiorczych.<\/li>\n<\/ol>\n\n\n<p class=\" eplus-wrapper\"><strong>Plikie Cookie<\/strong><\/p>\n\n\n<ol class=\"eplus-wrapper wp-block-list eplus-styles-uid-0dfa76\">\n<li class=\" eplus-wrapper\">Administrator wykorzystuje pliki cookie w celu dostarczenia U\u017cytkownikowi us\u0142ug \u015bwiadczonych drog\u0105 elektroniczn\u0105 oraz poprawy jako\u015bci tych us\u0142ug, prawid\u0142owego funkcjonowania Serwisu, w tym usprawnienia nawigacji, zapami\u0119tania preferencji dotycz\u0105cych plik\u00f3w cookie, zapewnienia bezpiecze\u0144stwa oraz zarz\u0105dzania Serwisem, bada\u0144 statystycznych i analitycznych, w celach marketingowych, \u0142\u0105czenia z portalami spo\u0142eczno\u015bciowymi, prawid\u0142owego funkcjonowania sklepu internetowego.<\/li>\n\n\n\n<li class=\" eplus-wrapper\">Podczas pierwszej wizyty w Serwisie U\u017cytkownikowi wy\u015bwietlany jest komunikat na temat stosowania plik\u00f3w cookie, w tym ich rodzaju wraz z pytaniem o zgod\u0119 na wykorzystywanie okre\u015blonych plik\u00f3w cookie.<\/li>\n\n\n\n<li class=\" eplus-wrapper\">Konsekwencj\u0105 zaakceptowania plik\u00f3w cookie jest to, \u017ce w pami\u0119ci wykorzystywanego przez U\u017cytkownika urz\u0105dzenia np. tabletu, komputera czy telefonu zostanie utrwalona informacja pochodz\u0105ca od dostawcy danej us\u0142ugi, nad kt\u00f3r\u0105 U\u017cytkownik nie ma kontroli.<\/li>\n\n\n\n<li class=\" eplus-wrapper\">U\u017cytkownik ma mo\u017cliwo\u015b\u0107 zarz\u0105dzania plikami cookie.<\/li>\n<\/ol>\n\n\n<p class=\" eplus-wrapper\">a) Zarz\u0105dzanie plikami podczas pierwszej wizyty w Serwisie \u2013&nbsp;U\u017cytkownikowi wy\u015bwietlany jest komunikat na temat stosowania plik\u00f3w cookie, w tym ich rodzaju. W ramach komunikatu U\u017cytkownik ma mo\u017cliwo\u015b\u0107 udzielenia zgody na wybrane pliki cookie.<\/p>\n\n\n\n<p class=\" eplus-wrapper\">b) Usuwanie plik\u00f3w cookie z urz\u0105dzenia \u2013&nbsp;U\u017cytkownik ma mo\u017cliwo\u015b\u0107 usuni\u0119cia plik\u00f3w cookie znajduj\u0105cych si\u0119 na urz\u0105dzeniu ko\u0144cowym. W tym celu U\u017cytkownik powinien wyczy\u015bci\u0107 histori\u0119 przegl\u0105dania w przegl\u0105darce. W ten spos\u00f3b U\u017cytkownik usuwa wszystkie pliki cookie ze wszystkich odwiedzonych stron. Nale\u017cy mie\u0107 \u015bwiadomo\u015b\u0107, \u017ce w ten spos\u00f3b mo\u017cna utraci\u0107 zapisane informacje (np. dane do logowania).<\/p>\n\n\n\n<p class=\" eplus-wrapper\">c) Uniemo\u017cliwienie przechowywania plik\u00f3w cookie \u2013&nbsp;U\u017cytkownik ma mo\u017cliwo\u015b\u0107 konfiguracji przegl\u0105darki internetowej, w taki spos\u00f3b, aby uniemo\u017cliwi\u0107 przechowywanie plik\u00f3w cookie. Niestety mo\u017ce to utrudni\u0107 prawid\u0142owe funkcjonowanie Serwisu. Poniewa\u017c pliki cookie stosowane s\u0105 r\u00f3wnie\u017c do zapami\u0119tywania preferencji U\u017cytkownika dotycz\u0105cych plik\u00f3w cookie, nale\u017cy mie\u0107 \u015bwiadomo\u015b\u0107 konsekwencji zwi\u0105zanych ze zmianami ustawie\u0144, w szczeg\u00f3lno\u015bci w przypadku wy\u0142\u0105czenia mo\u017cliwo\u015bci zapisania plik\u00f3w cookie na urz\u0105dzeniu ko\u0144cowym, co mo\u017ce skutkowa\u0107 uniemo\u017cliwieniem korzystania z okre\u015blonych funkcjonalno\u015bci, a cz\u0119\u015b\u0107 tre\u015bci udost\u0119pniana przez Administratora mo\u017ce by\u0107 niewidoczna.<\/p>\n\n\n\n<p class=\" eplus-wrapper\">d) Tryb&nbsp;incognito&nbsp;\u2013&nbsp;U\u017cytkownik ma mo\u017cliwo\u015b\u0107 korzysta\u0107 z trybu&nbsp;incognito&nbsp;oferowanego przez przegl\u0105darki internetowe. W\u00f3wczas pliki cookie zostan\u0105 usuni\u0119te z momentem zamkni\u0119cia przegl\u0105darki.<\/p>\n\n\n\n<p class=\" eplus-wrapper\">e) Inne urz\u0105dzenia \u2013\u00a0w przypadku u\u017cycia przez U\u017cytkownika innego urz\u0105dzenia ko\u0144cowego, profilu na komputerze lub przegl\u0105darki internetowej niezb\u0119dne b\u0119dzie ponowne okre\u015blenie preferencji w zakresie plik\u00f3w cookie.<\/p>\n\n\n<ol class=\"eplus-wrapper wp-block-list eplus-styles-uid-72cfb8\"><\/ol>\n\n\n<p class=\" eplus-wrapper\"><strong>Bezpiecze\u0144stwo danych osobowych<\/strong><\/p>\n\n\n<ol class=\"eplus-wrapper wp-block-list eplus-styles-uid-03330b\">\n<li class=\" eplus-wrapper\">Administrator na bie\u017c\u0105co analizuje czy dane osobowe przetwarzane s\u0105 w spos\u00f3b bezpieczny.<\/li>\n\n\n\n<li class=\" eplus-wrapper\">Administrator podejmuje wszelkie niezb\u0119dne dzia\u0142ania, aby podwykonawcy i inne podmioty wsp\u00f3\u0142pracuj\u0105ce dawa\u0142y gwarancj\u0119 stosowania odpowiednich \u015brodk\u00f3w bezpiecze\u0144stwa, gdy dzia\u0142aj\u0105 na zlecenie Administratora.<\/li>\n<\/ol>\n\n\n<p class=\" eplus-wrapper\"><strong>Zmiany polityki prywatno\u015bci<\/strong><\/p>\n\n\n<ol class=\"eplus-wrapper wp-block-list eplus-styles-uid-d4046c\">\n<li class=\" eplus-wrapper\">Administrator d\u0105\u017cy do ci\u0105g\u0142ego ulepszania stosowanych procedur oraz zabezpieczenia danych osobowych, wi\u0119c Polityka prywatno\u015bci jest na bie\u017c\u0105co weryfikowana i w razie potrzeby zmieniania.<\/li>\n\n\n\n<li class=\" eplus-wrapper\">Administrator zach\u0119ca U\u017cytkownik\u00f3w do regularnego sprawdzania tre\u015bci niniejszego dokumentu pod k\u0105tem jego aktualizacji.<\/li>\n\n\n\n<li class=\" eplus-wrapper\">Najnowsza wersja Polityki prywatno\u015bci jest publikowana w Serwisie.<\/li>\n<\/ol>","protected":false},"excerpt":{"rendered":"<p>Polityka prywatno\u015bci Polityka prywatno\u015bci prezentuje informacje dotycz\u0105ce przetwarzania danych osobowych, wykorzystywania plik\u00f3w cookie oraz innych technologii w trakcie korzystania z Serwisu, a tak\u017ce prowadzonych przez Administratora profili w mediach spo\u0142eczno\u015bciowych. Polityka prywatno\u015bci ma zastosowanie do wszystkich witryn internetowych lub us\u0142ug, kt\u00f3re zawieraj\u0105 do niej odniesienie. Zakres przetwarzanych danych. Chodzi o&nbsp;dane osobowe, kt\u00f3re s\u0105 zbierane w&nbsp;ramach [&hellip;]<\/p>\n","protected":false},"author":1,"featured_media":0,"parent":0,"menu_order":0,"comment_status":"closed","ping_status":"closed","template":"","meta":{"editor_plus_copied_stylings":"{}","_themeisle_gutenberg_block_has_review":false,"footnotes":""},"class_list":["post-449","page","type-page","status-publish","hentry"],"jetpack_sharing_enabled":true,"_links":{"self":[{"href":"https:\/\/niemiecki-online.eu\/index.php?rest_route=\/wp\/v2\/pages\/449","targetHints":{"allow":["GET"]}}],"collection":[{"href":"https:\/\/niemiecki-online.eu\/index.php?rest_route=\/wp\/v2\/pages"}],"about":[{"href":"https:\/\/niemiecki-online.eu\/index.php?rest_route=\/wp\/v2\/types\/page"}],"author":[{"embeddable":true,"href":"https:\/\/niemiecki-online.eu\/index.php?rest_route=\/wp\/v2\/users\/1"}],"replies":[{"embeddable":true,"href":"https:\/\/niemiecki-online.eu\/index.php?rest_route=%2Fwp%2Fv2%2Fcomments&post=449"}],"version-history":[{"count":4,"href":"https:\/\/niemiecki-online.eu\/index.php?rest_route=\/wp\/v2\/pages\/449\/revisions"}],"predecessor-version":[{"id":881,"href":"https:\/\/niemiecki-online.eu\/index.php?rest_route=\/wp\/v2\/pages\/449\/revisions\/881"}],"wp:attachment":[{"href":"https:\/\/niemiecki-online.eu\/index.php?rest_route=%2Fwp%2Fv2%2Fmedia&parent=449"}],"curies":[{"name":"wp","href":"https:\/\/api.w.org\/{rel}","templated":true}]}}