{"id":452,"date":"2023-12-21T07:38:49","date_gmt":"2023-12-21T06:38:49","guid":{"rendered":"https:\/\/niemiecki-online.eu\/?page_id=452"},"modified":"2024-01-23T11:43:06","modified_gmt":"2024-01-23T10:43:06","slug":"regulamin-udostepniania-tresci-cyfrowych-w-zamian-za-zapis-do-newslettera","status":"publish","type":"page","link":"https:\/\/niemiecki-online.eu\/?page_id=452","title":{"rendered":"Regulamin udost\u0119pniania tre\u015bci cyfrowych w zamian za zapis do newslettera"},"content":{"rendered":"\n<p class=\" eplus-wrapper\">1. W\u0142a\u015bcicielem Serwisu dost\u0119pnego pod adresem\u00a0<a href=\"http:\/\/www.niemiecki-online.eu\">www.niemiecki-online.eu<\/a>\u00a0jest El\u017cbieta Sztramska prowadz\u0105ca dzia\u0142alno\u015b\u0107 gospodarcz\u0105 pod firm\u0105 Niemiecki Online El\u017cbieta Sztramska, ul. Kr\u0119ta 1 c 62-023 Dachowa, NIP: 5711592865, Regon\u00a0 301945070, adres e-mail: <a href=\"mailto:elzbieta.sztramska@gmail.com\">elzbieta.sztramska@gmail.com<\/a>\u00a0<\/p>\n\n\n\n<p class=\" eplus-wrapper\">2. Za po\u015brednictwem Serwisu oraz jego podstron W\u0142a\u015bciciel Serwisu \u015bwiadczy us\u0142ugi elektroniczne, w tym us\u0142ug\u0119 Newsletter oraz umo\u017cliwia U\u017cytkownikowi zawarcie umowy o dostarczenie tre\u015bci cyfrowych, w ramach kt\u00f3rej dochodzi do p\u0142atno\u015bci danymi. Regulamin newslettera ma zastosowanie r\u00f3wnie\u017c do wszystkich witryn internetowych lub us\u0142ug, kt\u00f3re zawieraj\u0105 do niej odniesienie.<\/p>\n\n\n<ol class=\"eplus-wrapper wp-block-list eplus-styles-uid-40ff86\"><\/ol>\n\n\n<p class=\" eplus-wrapper\"><strong>Definicje<\/strong><\/p>\n\n\n\n<p class=\" eplus-wrapper\">1. Na potrzeby niniejszego regulaminu przyjmuje si\u0119 nast\u0119puj\u0105ce znaczenie poni\u017cszych poj\u0119\u0107:<\/p>\n\n\n<ol class=\"eplus-wrapper wp-block-list eplus-styles-uid-8ffab0\"><\/ol>\n\n\n<p class=\" eplus-wrapper\">2. Admistrator &#8211; El\u017cbieta Sztramska, ul. Kr\u0119ta 1 c, 62-023 Dachowa, NIP: 5711592865,\u00a0<\/p>\n\n\n\n<p class=\" eplus-wrapper\">3. Formularz \u2013 formularz internetowy osadzony na Stronie s\u0142u\u017c\u0105cy do zam\u00f3wienia Materia\u0142\u00f3w,<\/p>\n\n\n\n<p class=\" eplus-wrapper\">4. Konsument \u2013 osoba fizyczna, zawieraj\u0105ca z Administratorem umow\u0119 niezwi\u0105zan\u0105 z bezpo\u015brednio z jej dzia\u0142alno\u015bci\u0105 gospodarcz\u0105 lub zawodow\u0105; Konsument jest r\u00f3wnie\u017c U\u017cytkownikiem;<\/p>\n\n\n\n<p class=\" eplus-wrapper\">5. Materia\u0142y \u2013 tre\u015bci cyfrowe udost\u0119pniane U\u017cytkownikowi przez Administratora w zamian za zapis na list\u0119 subskrybent\u00f3w Newslettera; rodzaj i zawarto\u015b\u0107 Materia\u0142\u00f3w wynika z opisu na Stronie,<\/p>\n\n\n\n<p class=\" eplus-wrapper\">6. Newsletter \u2013 wiadomo\u015bci e-mail zawieraj\u0105ce informacje o nowo\u015bciach, promocjach, produktach lub us\u0142ugach Administratora wysy\u0142ane na adres e-mail podany przez U\u017cytkownika w Formularzu,<\/p>\n\n\n\n<p class=\" eplus-wrapper\">7. PNPK \u2013 osoba fizyczna zawieraj\u0105ca z Administratorem umow\u0119 bezpo\u015brednio zwi\u0105zan\u0105 z jej dzia\u0142alno\u015bci\u0105 gospodarcz\u0105, gdy z tre\u015bci tej umowy wynika, \u017ce nie posiada ona dla tej osoby charakteru zawodowego, wynikaj\u0105cego w szczeg\u00f3lno\u015bci z przedmiotu wykonywanej przez ni\u0105 dzia\u0142alno\u015bci gospodarczej, udost\u0119pnionego na podstawie przepis\u00f3w o Centralnej Ewidencji i Informacji o Dzia\u0142alno\u015bci Gospodarczej; PNPK jest r\u00f3wnie\u017c U\u017cytkownikiem,<\/p>\n\n\n\n<p class=\" eplus-wrapper\">8. Strona \u2013 strona internetowa dost\u0119pna pod adresem <a href=\"http:\/\/www.niemiecki-online.eu\">www.niemiecki-online.eu<\/a> \u00a0\u00a0<\/p>\n\n\n\n<p class=\" eplus-wrapper\">9. U\u017cytkownik \u2013 osoba fizyczna wype\u0142niaj\u0105ca Formularz i zawieraj\u0105ca w ten spos\u00f3b z Administratorem umow\u0119 o dostarczenie tre\u015bci cyfrowych w postaci Materia\u0142\u00f3w.<\/p>\n\n\n<ol class=\"eplus-wrapper wp-block-list eplus-styles-uid-db6d80\"><\/ol>\n\n\n<p class=\" eplus-wrapper\"><strong>Zam\u00f3wienie i dostarczenie Materia\u0142\u00f3w<\/strong><\/p>\n\n\n\n<p class=\" eplus-wrapper\">1. Za po\u015brednictwem Strony, Administrator umo\u017cliwia U\u017cytkownikowi zawarcie umowy o dostarczenie tre\u015bci cyfrowych w postaci Materia\u0142\u00f3w, za kt\u00f3re to Materia\u0142y U\u017cytkownik nie wnosi jakiejkolwiek op\u0142aty pieni\u0119\u017cnej, ale dostarcza Administratorowi swoje dane osobowe i wyra\u017ca zgod\u0119 na przesy\u0142anie mu Newslettera.\u00a0<\/p>\n\n\n\n<p class=\" eplus-wrapper\">2. W Formularzu konieczne jest podanie danych osobowych w zakresie niezb\u0119dnym do subskrypcji Newslettera oraz dostarczenia Materia\u0142\u00f3w. Podanie dodatkowych danych jest dobrowolne. Zam\u00f3wienie Materia\u0142\u00f3w nie jest mo\u017cliwe anonimowo.\u00a0<\/p>\n\n\n\n<p class=\" eplus-wrapper\">3. Zakazane jest przesy\u0142anie za po\u015brednictwem Formularza tre\u015bci bezprawnych.\u00a0<\/p>\n\n\n\n<p class=\" eplus-wrapper\">4. Materia\u0142y dostarczane s\u0105 U\u017cytkownikowi poprzez wysy\u0142k\u0119 na podany w Formularzu adres e-mail wiadomo\u015bci zawieraj\u0105cej link do pobrania lub uzyskania dost\u0119pu do Materia\u0142\u00f3w.\u00a0<\/p>\n\n\n<ol class=\"eplus-wrapper wp-block-list eplus-styles-uid-73cf19\"><\/ol>\n\n\n<p class=\" eplus-wrapper\"><strong>W\u0142asno\u015b\u0107 intelektualna<\/strong><\/p>\n\n\n\n<p class=\" eplus-wrapper\">1. Materia\u0142y korzystaj\u0105 z ochrony prawa autorskiego.\u00a0<\/p>\n\n\n\n<p class=\" eplus-wrapper\">2. Materia\u0142y mog\u0105 zawiera\u0107 r\u00f3wnie\u017c chronione znaki towarowe.\u00a0<\/p>\n\n\n\n<p class=\" eplus-wrapper\">3. Materia\u0142y udost\u0119pniane s\u0105 U\u017cytkownikowi wy\u0142\u0105cznie do w\u0142asnego u\u017cytku. Jakiekolwiek inne formy korzystania z Materia\u0142\u00f3w naruszaj\u0105 prawa Administratora lub innych podmiot\u00f3w uprawnionych i mog\u0105 skutkowa\u0107 odpowiedzialno\u015bci\u0105 cywiln\u0105 lub karn\u0105. W szczeg\u00f3lno\u015bci, zakazane jest dalsze kopiowanie, powielanie, utrwalanie lub rozpowszechnianie Materia\u0142\u00f3w bez zgody Administratora lub innych podmiot\u00f3w uprawnionych.\u00a0<\/p>\n\n\n<ol class=\"eplus-wrapper wp-block-list eplus-styles-uid-715d18\"><\/ol>\n\n\n<p class=\" eplus-wrapper\"><strong>Wymogi techniczne<\/strong><\/p>\n\n\n\n<p class=\" eplus-wrapper\">1. Do korzystania ze Strony, w tym w szczeg\u00f3lno\u015bci do zam\u00f3wienia Materia\u0142\u00f3w, nie jest konieczne spe\u0142nienie szczeg\u00f3lnych warunk\u00f3w technicznych przez sprz\u0119t komputerowy lub oprogramowanie Kupuj\u0105cego. Wystarczaj\u0105ce s\u0105:<\/p>\n\n\n<ol class=\"eplus-wrapper wp-block-list eplus-styles-uid-bb65ee\"><\/ol>\n\n\n<p class=\" eplus-wrapper\">a) dost\u0119p do Internetu,<\/p>\n\n\n\n<p class=\" eplus-wrapper\">b) standardowy, aktualny system operacyjny,<\/p>\n\n\n\n<p class=\" eplus-wrapper\">c) standardowa, aktualna przegl\u0105darka internetowa z w\u0142\u0105czon\u0105 obs\u0142ug\u0105 plik\u00f3w cookies,<\/p>\n\n\n\n<p class=\" eplus-wrapper\">d) posiadanie aktywnego adresu e-mail.<\/p>\n\n\n\n<p class=\" eplus-wrapper\">2. Do korzystania z Materia\u0142\u00f3w, w zale\u017cno\u015bci od ich rodzaju, mo\u017ce by\u0107 konieczne standardowe, og\u00f3lnodost\u0119pne oprogramowanie pozwalaj\u0105ce na przegl\u0105danie lub odtwarzanie okre\u015blonego rodzaju plik\u00f3w takich jak DOC, PDF, MP4, MP3, MOV, AVI itp. Je\u017celi korzystanie z Materia\u0142\u00f3w wymaga spe\u0142nienia dodatkowych wymog\u00f3w technicznych, informacja taka prezentowana jest na Stronie w spos\u00f3b widoczny dla U\u017cytkownika i pozwalaj\u0105cy podj\u0105\u0107 mu decyzj\u0119 w zakresie zam\u00f3wienia Materia\u0142\u00f3w.\u00a0<\/p>\n\n\n<ol class=\"eplus-wrapper wp-block-list eplus-styles-uid-1d73e9\"><\/ol>\n\n\n<p class=\" eplus-wrapper\">&nbsp;<strong>Odst\u0105pienie od umowy i reklamacje<\/strong><\/p>\n\n\n\n<p class=\" eplus-wrapper\">1. Konsument oraz PNPK mo\u017ce odst\u0105pi\u0107 od umowy o dostarczenie tre\u015bci cyfrowych w postaci Materia\u0142\u00f3w w terminie 14 dni od jej zawarcia, bez podawania przyczyny. Wystarczaj\u0105ca jest w tym zakresie stosowna informacja przekazana Administratorowi. Odst\u0105pienie od umowy oznacza r\u00f3wnie\u017c rezygnacj\u0119 z otrzymywania Newslettera.\u00a0<\/p>\n\n\n\n<p class=\" eplus-wrapper\">2. U\u017cytkownik mo\u017ce w ka\u017cdej chwili zrezygnowa\u0107 z otrzymywania Newslettera, niezale\u017cnie od odst\u0105pienia od umowy, o kt\u00f3rym mowa w \u00a7 4 ust. 1 Regulaminu, klikaj\u0105c w przeznaczony do tego celu link typu zamieszczony w tre\u015bci ka\u017cdej wiadomo\u015bci wysy\u0142anej w ramach Newslettera.\u00a0<\/p>\n\n\n\n<p class=\" eplus-wrapper\">3. R\u0119kojmia za wady, o kt\u00f3rej mowa w Kodeksie cywilnym, jest wy\u0142\u0105czona w stosunku do U\u017cytkownika innego ni\u017c Konsument lub PNPK. W przypadku Konsumenta lub PNPK, w zakresie odpowiedzialno\u015bci za zgodno\u015b\u0107 Materia\u0142\u00f3w z umow\u0105 znajduj\u0105 zastosowanie przepisy ustawy o prawach konsumenta.\u00a0<\/p>\n\n\n\n<p class=\" eplus-wrapper\">4. Materia\u0142y maj\u0105 wy\u0142\u0105cznie charakter edukacyjny, nie stanowi\u0105 i nie zast\u0119puj\u0105 indywidualnej porady.\u00a0<\/p>\n\n\n\n<p class=\" eplus-wrapper\">5. Administrator ma obowi\u0105zek dostarczy\u0107 Konsumentowi lub PNPK Materia\u0142y zgodne z umow\u0105. Zgodno\u015b\u0107 z umow\u0105 ocenia si\u0119 zgodnie z przepisami ustawy o prawach konsumenta.\u00a0<\/p>\n\n\n\n<p class=\" eplus-wrapper\">6. Administrator ponosi odpowiedzialno\u015b\u0107 za brak zgodno\u015bci z umow\u0105 Materia\u0142\u00f3w, kt\u00f3ry istnia\u0142 w chwili ich dostarczenia i ujawni\u0142 si\u0119 w ci\u0105gu dw\u00f3ch lat od tej chwili. Domniemywa si\u0119, \u017ce brak zgodno\u015bci Materia\u0142\u00f3w z umow\u0105, kt\u00f3ry ujawni\u0142 si\u0119 przed up\u0142ywem roku od chwili dostarczenia Materia\u0142\u00f3w, istnia\u0142 w chwili ich dostarczenia.\u00a0<\/p>\n\n\n\n<p class=\" eplus-wrapper\">7. Je\u017celi Materia\u0142y s\u0105 niezgodne z umow\u0105, Konsument oraz PNPK mo\u017ce \u017c\u0105da\u0107 doprowadzenia do ich zgodno\u015bci z umow\u0105.<\/p>\n\n\n\n<p class=\" eplus-wrapper\">8. Je\u017celi Materia\u0142y s\u0105 niezgodne z umow\u0105, Konsument lub PNPK mo\u017ce z\u0142o\u017cy\u0107 o\u015bwiadczenie o odst\u0105pieniu od umowy, gdy:<\/p>\n\n\n<ol class=\"eplus-wrapper wp-block-list eplus-styles-uid-cee380\"><\/ol>\n\n\n<p class=\" eplus-wrapper\">a) doprowadzenie do zgodno\u015bci Materia\u0142\u00f3w z umow\u0105 jest niemo\u017cliwe albo wymaga nadmiernych koszt\u00f3w,<\/p>\n\n\n\n<p class=\" eplus-wrapper\">b) Administrator nie doprowadzi\u0142 Materia\u0142\u00f3w do zgodno\u015bci z umow\u0105,<\/p>\n\n\n\n<p class=\" eplus-wrapper\">c) brak zgodno\u015bci Materia\u0142\u00f3w z umow\u0105 wyst\u0119puje nadal, mimo \u017ce Administrator pr\u00f3bowa\u0142 doprowadzi\u0107 Materia\u0142y do zgodno\u015bci z umow\u0105,<\/p>\n\n\n\n<p class=\" eplus-wrapper\">d) brak zgodno\u015bci Materia\u0142\u00f3w z umow\u0105 jest na tyle istotny, \u017ce uzasadnia odst\u0105pienie od umowy bez uprzedniego skorzystania ze \u015brodka ochrony okre\u015blonego w \u00a7 5 ust. 7 Regulaminu,<\/p>\n\n\n\n<p class=\" eplus-wrapper\">e) z o\u015bwiadczenia Administratora lub okoliczno\u015bci wyra\u017anie wynika, \u017ce nie doprowadzi on Materia\u0142\u00f3w do zgodno\u015bci z umow\u0105 w rozs\u0105dnym czasie lub bez nadmiernych niedogodno\u015bci dla Konsumenta lub PNPK.<\/p>\n\n\n<ol class=\"eplus-wrapper wp-block-list eplus-styles-uid-477ed8\"><\/ol>\n\n\n<p class=\" eplus-wrapper\">9. W razie niezgodno\u015bci Materia\u0142\u00f3w z umow\u0105, Konsument lub PNPK mo\u017ce z\u0142o\u017cy\u0107 reklamacj\u0119 za po\u015brednictwem poczty elektronicznej.<\/p>\n\n\n\n<p class=\" eplus-wrapper\">10. Administrator rozpatruje reklamacje w terminie 14 dni od dor\u0119czenia reklamacji.<\/p>\n\n\n\n<p class=\" eplus-wrapper\">11. Zasady odpowiedzialno\u015bci Administratora za niezgodno\u015b\u0107 Materia\u0142\u00f3w z umow\u0105 wynikaj\u0105 z bezwzgl\u0119dnie obowi\u0105zuj\u0105cych przepis\u00f3w ustawy o prawach konsumenta. Regulamin nie ma na celu wprowadzania jakichkolwiek modyfikacji tych zasad, lecz stanowi jedynie uproszczone ich przedstawienie w celu u\u0142atwienia Konsumentowi lub PNPK rozeznania si\u0119 w tych zasadach. Administrator zach\u0119ca jednocze\u015bnie Konsumenta lub PNPK do zapoznania si\u0119 z ca\u0142o\u015bci\u0105 regulacji zawartej w ustawie o prawach konsumenta.\u00a0<\/p>\n\n\n<ol class=\"eplus-wrapper wp-block-list eplus-styles-uid-29a69a\"><\/ol>\n\n\n<p class=\" eplus-wrapper\"><strong>Pozas\u0105dowe sposoby rozpatrywania reklamacji i dochodzenia roszcze\u0144<\/strong><\/p>\n\n\n\n<p class=\" eplus-wrapper\">1. Administrator wyra\u017ca zgod\u0119 na poddanie ewentualnych spor\u00f3w wynik\u0142ych w zwi\u0105zku z zawieranymi umowami na drodze post\u0119powania mediacyjnego. Szczeg\u00f3\u0142y zostan\u0105 okre\u015blone przez strony konfliktu.<\/p>\n\n\n\n<p class=\" eplus-wrapper\">2. Konsument ma mo\u017cliwo\u015b\u0107 skorzystania z pozas\u0105dowych sposob\u00f3w rozpatrywania reklamacji i dochodzenia roszcze\u0144. Mi\u0119dzy innymi, Konsument ma mo\u017cliwo\u015b\u0107:<\/p>\n\n\n<ol class=\"eplus-wrapper wp-block-list eplus-styles-uid-de5227\"><\/ol>\n\n\n<p class=\" eplus-wrapper\">a) zwr\u00f3cenia si\u0119 do sta\u0142ego polubownego s\u0105du konsumenckiego z wnioskiem o rozstrzygni\u0119ciu sporu wynik\u0142ego z zawartej umowy,<\/p>\n\n\n\n<p class=\" eplus-wrapper\">b) zwr\u00f3cenia si\u0119 do wojew\u00f3dzkiego inspektora Inspekcji Handlowej z wnioskiem o wszcz\u0119cie post\u0119powania mediacyjnego w sprawie polubownego zako\u0144czenia sporu mi\u0119dzy Kupuj\u0105cym a Sprzedawc\u0105,<\/p>\n\n\n\n<p class=\" eplus-wrapper\">c) skorzystania z pomocy powiatowego (miejskiego) rzecznika prawa konsumenta lub organizacji spo\u0142ecznej, do kt\u00f3rej statutowych zada\u0144 nale\u017cy ochrona konsument\u00f3w.<\/p>\n\n\n<ol class=\"eplus-wrapper wp-block-list eplus-styles-uid-3a8416\"><\/ol>\n\n\n<p class=\" eplus-wrapper\">3. Bardziej szczeg\u00f3\u0142owych informacji na temat pozas\u0105dowych sposob\u00f3w rozpatrywania reklamacji i dochodzenia roszcze\u0144, Konsument mo\u017ce szuka\u0107 na stronie internetowej <a href=\"http:\/\/polubowne.uokik.gov.pl\/\">http:\/\/polubowne.uokik.gov.pl<\/a>.<\/p>\n\n\n\n<p class=\" eplus-wrapper\">4. Konsument mo\u017ce r\u00f3wnie\u017c skorzysta\u0107 z platformy ODR, kt\u00f3ra dost\u0119pna jest pod adresem http:\/\/ec.europa.eu\/consumers\/odr. Platforma s\u0142u\u017cy rozstrzyganiu spor\u00f3w pomi\u0119dzy konsumentami i przedsi\u0119biorcami d\u0105\u017c\u0105cymi do pozas\u0105dowego rozstrzygni\u0119cia sporu dotycz\u0105cego zobowi\u0105za\u0144 umownych wynikaj\u0105cych z internetowej umowy sprzeda\u017cy lub umowy o \u015bwiadczenie us\u0142ug<\/p>\n\n\n<ol class=\"eplus-wrapper wp-block-list eplus-styles-uid-43735f\"><\/ol>\n\n\n<p class=\" eplus-wrapper\"><strong>Dane osobowe i pliki cookies<\/strong><\/p>\n\n\n\n<p class=\" eplus-wrapper\">1. Administratorem danych osobowych U\u017cytkownika jest Administrator.<\/p>\n\n\n\n<p class=\" eplus-wrapper\">2. Podanie danych osobowych przez U\u017cytkownika w Formularzu jest warunkiem zawarcia umowy o dostarczenie tre\u015bci cyfrowych.<\/p>\n\n\n\n<p class=\" eplus-wrapper\">3. Dane osobowe U\u017cytkownika przetwarzane s\u0105 w celu zawarcia i wykonania umowy o dostarczenie tre\u015bci cyfrowych w postaci Materia\u0142\u00f3w na podstawie art. 6 ust. 1 lit. b RODO.\u00a0<\/p>\n\n\n\n<p class=\" eplus-wrapper\">4. Po dostarczeniu Materia\u0142\u00f3w, dane osobowe U\u017cytkownika przechowywane s\u0105 w bazie Administratora na potrzeby archiwalne, w celu ewentualnej obrony, ustalenia lub dochodzenia roszcze\u0144 zwi\u0105zanych z umow\u0105, co stanowi prawnie uzasadniony interes realizowany przez Administratora, o kt\u00f3rym mowa w art. 6 ust. 1 lit. f RODO. Dane te zostan\u0105 usuni\u0119te po up\u0142ywie terminu przedawnienia roszcze\u0144 zwi\u0105zanych z umow\u0105.\u00a0<\/p>\n\n\n\n<p class=\" eplus-wrapper\">5. Dane osobowe U\u017cytkownika przetwarzane s\u0105 r\u00f3wnie\u017c w celu obs\u0142ugi Newslettera, tj. wysy\u0142ki wiadomo\u015bci e-mail, analizy statystyk zwi\u0105zanych z wysy\u0142anymi wiadomo\u015bciami, segmentacji bazy. Na podstawie segmentacji wykonywanej przez Administratora, U\u017cytkownik mo\u017ce trafia\u0107 do r\u00f3\u017cnych grup odbiorc\u00f3w Newslettera, kt\u00f3re maj\u0105 wp\u0142yw na zakres i zawarto\u015b\u0107 tre\u015bci wysy\u0142anych w ramach Newslettera. U\u017cytkownik zawsze mo\u017ce zwr\u00f3ci\u0107 si\u0119 do Administratora o informacj\u0119 w zakresie przynale\u017cno\u015bci do poszczeg\u00f3lnych grup oraz oczekiwan\u0105 przez siebie modyfikacj\u0119 w zakresie tej przynale\u017cno\u015bci.\u00a0<\/p>\n\n\n\n<p class=\" eplus-wrapper\">6. U\u017cytkownik mo\u017ce w ka\u017cdej chwili zrezygnowa\u0107 z otrzymywania Newslettera. Dane osobowe U\u017cytkownika przechowywane s\u0105 jednak nadal w bazie Administratora na potrzeby archiwalne, w celu ewentualnej obrony, ustalenia lub dochodzenia roszcze\u0144 zwi\u0105zanych z Newsletterem oraz w celu zapewnienia mo\u017cliwo\u015bci wykazania, \u017ce Administrator przestrzega przepis\u00f3w prawa przy prowadzeniu dzia\u0142a\u0144 zwi\u0105zanych z Newsletterem, odbieraj\u0105c zgod\u0119 na otrzymywanie Newslettera, respektuj\u0105c rezygnacj\u0119 z Newslettera itp., co stanowi prawnie uzasadniony interes realizowany przez Administratora, o kt\u00f3rym mowa w art. 6 ust. 1 lit. f RODO. Dane te zostan\u0105 usuni\u0119te po up\u0142ywie terminu przedawnienia roszcze\u0144 zwi\u0105zanych z umow\u0105 oraz up\u0142ywie terminu, do kt\u00f3rego Administrator mo\u017ce zosta\u0107 poddany kontroli ze strony organu nadzorczego w zakresie zgodno\u015bci z prawem prowadzonych dzia\u0142a\u0144 zwi\u0105zanych z Newsletterem.\u00a0<\/p>\n\n\n\n<p class=\" eplus-wrapper\">7. Adres e-mail U\u017cytkownika mo\u017ce zosta\u0107 przes\u0142any do systemu reklamowego Meta w celu stworzenia grupy odbiorc\u00f3w reklam, a nast\u0119pnie targetowania do stworzonej w ten spos\u00f3b grupy reklam okre\u015blonej tre\u015bci, co stanowi prawnie uzasadniony interes realizowany przez Administratora (art. 6 ust. 1 lit. f RODO) polegaj\u0105cy na marketingu w\u0142asnych produkt\u00f3w lub us\u0142ug.\u00a0<\/p>\n\n\n\n<p class=\" eplus-wrapper\">8. W proces przetwarzania danych osobowych U\u017cytkownika mog\u0105 by\u0107 zaanga\u017cowane podmioty przetwarzaj\u0105ce zwi\u0105zane z Administratorem stosownej tre\u015bci umowami powierzenia przetwarzania danych osobowych.\u00a0<\/p>\n\n\n\n<p class=\" eplus-wrapper\">9. Uprawnienia U\u017cytkownika zwi\u0105zane z przetwarzaniem jego danych osobowych przez Administratora: prawo do \u017c\u0105dania dost\u0119pu do danych osobowych, ich sprostowania, usuni\u0119cia lub ograniczenia przetwarzania, prawo do wniesienia sprzeciwu wobec przetwarzania, prawo do przenoszenia danych, prawo do wniesienia skargi do organu nadzorczego ds. danych osobowych.\u00a0<\/p>\n\n\n\n<p class=\" eplus-wrapper\">10. Strona wykorzystuje pliki cookies. Wszystkie informacje w tym zakresie zawarte s\u0105 w polityce prywatno\u015bci i plik\u00f3w cookies.<\/p>\n\n\n<ol class=\"eplus-wrapper wp-block-list eplus-styles-uid-421575\"><\/ol>\n\n\n<p class=\" eplus-wrapper\"><strong>&nbsp;Postanowienia ko\u0144cowe<\/strong><\/p>\n\n\n\n<p class=\" eplus-wrapper\">a) Administrator zastrzega sobie prawo do modyfikacji zasad na jakich umo\u017cliwia uzyskanie dost\u0119pu do Materia\u0142\u00f3w, z tym zastrze\u017ceniem, \u017ce nowe zasady nie znajduj\u0105 zastosowania od um\u00f3w zawartych przed zmian\u0105 zasad.<\/p>\n\n\n\n<p class=\" eplus-wrapper\">b) Administrator zastrzega sobie mo\u017cliwo\u015b\u0107 wprowadzania zmian w Regulaminie, z tym zastrze\u017ceniem, \u017ce do um\u00f3w zawartych przed zmian\u0105 Regulaminu, znajduje zastosowanie Regulamin obowi\u0105zuj\u0105cy w chwili zawierania umowy.<\/p>\n\n\n\n<p class=\" eplus-wrapper\">c) Wszelkie spory zwi\u0105zane ze Stron\u0105 b\u0119d\u0105 rozpatrywane przez polski s\u0105d powszechny w\u0142a\u015bciwy ze wzgl\u0119du na miejsce siedziby lub sta\u0142ego wykonywania dzia\u0142alno\u015bci gospodarczej przez Administratora. Postanowienie to nie znajduje zastosowania do Konsument\u00f3w oraz PNPK, w przypadku kt\u00f3rych w\u0142a\u015bciwo\u015b\u0107 s\u0105du rozpatrywana jest na zasadach og\u00f3lnych.<\/p>\n\n\n\n<p class=\" eplus-wrapper\">d) Regulamin w niniejszym brzmieniu obowi\u0105zuje od dnia 21.12.2023 r.<\/p>\n\n\n<ol class=\"eplus-wrapper wp-block-list eplus-styles-uid-c4e9f0\"><\/ol>","protected":false},"excerpt":{"rendered":"<p>1. W\u0142a\u015bcicielem Serwisu dost\u0119pnego pod adresem\u00a0www.niemiecki-online.eu\u00a0jest El\u017cbieta Sztramska prowadz\u0105ca dzia\u0142alno\u015b\u0107 gospodarcz\u0105 pod firm\u0105 Niemiecki Online El\u017cbieta Sztramska, ul. Kr\u0119ta 1 c 62-023 Dachowa, NIP: 5711592865, Regon\u00a0 301945070, adres e-mail: elzbieta.sztramska@gmail.com\u00a0 2. Za po\u015brednictwem Serwisu oraz jego podstron W\u0142a\u015bciciel Serwisu \u015bwiadczy us\u0142ugi elektroniczne, w tym us\u0142ug\u0119 Newsletter oraz umo\u017cliwia U\u017cytkownikowi zawarcie umowy o dostarczenie tre\u015bci cyfrowych, [&hellip;]<\/p>\n","protected":false},"author":1,"featured_media":0,"parent":0,"menu_order":0,"comment_status":"closed","ping_status":"closed","template":"","meta":{"editor_plus_copied_stylings":"{}","_themeisle_gutenberg_block_has_review":false,"footnotes":""},"class_list":["post-452","page","type-page","status-publish","hentry"],"jetpack_sharing_enabled":true,"_links":{"self":[{"href":"https:\/\/niemiecki-online.eu\/index.php?rest_route=\/wp\/v2\/pages\/452","targetHints":{"allow":["GET"]}}],"collection":[{"href":"https:\/\/niemiecki-online.eu\/index.php?rest_route=\/wp\/v2\/pages"}],"about":[{"href":"https:\/\/niemiecki-online.eu\/index.php?rest_route=\/wp\/v2\/types\/page"}],"author":[{"embeddable":true,"href":"https:\/\/niemiecki-online.eu\/index.php?rest_route=\/wp\/v2\/users\/1"}],"replies":[{"embeddable":true,"href":"https:\/\/niemiecki-online.eu\/index.php?rest_route=%2Fwp%2Fv2%2Fcomments&post=452"}],"version-history":[{"count":3,"href":"https:\/\/niemiecki-online.eu\/index.php?rest_route=\/wp\/v2\/pages\/452\/revisions"}],"predecessor-version":[{"id":891,"href":"https:\/\/niemiecki-online.eu\/index.php?rest_route=\/wp\/v2\/pages\/452\/revisions\/891"}],"wp:attachment":[{"href":"https:\/\/niemiecki-online.eu\/index.php?rest_route=%2Fwp%2Fv2%2Fmedia&parent=452"}],"curies":[{"name":"wp","href":"https:\/\/api.w.org\/{rel}","templated":true}]}}