{"id":459,"date":"2023-12-21T10:22:57","date_gmt":"2023-12-21T09:22:57","guid":{"rendered":"https:\/\/niemiecki-online.eu\/?page_id=459"},"modified":"2024-01-23T11:44:32","modified_gmt":"2024-01-23T10:44:32","slug":"regulamin-sklepu","status":"publish","type":"page","link":"https:\/\/niemiecki-online.eu\/?page_id=459","title":{"rendered":"Regulamin sklepu"},"content":{"rendered":"\n<p class=\" eplus-wrapper\"><strong>I<\/strong> <strong>Informacje o serwisie<\/strong><\/p>\n\n\n\n<p class=\" eplus-wrapper\">W\u0142a\u015bcicielem serwisu dost\u0119pnego pod adresem <a href=\"http:\/\/www.niemiecki-online.eu\">www.niemiecki-online.eu<\/a> jest El\u017cbieta Sztramska prowadz\u0105ca dzia\u0142alno\u015b\u0107 gospodarcz\u0105 pod nazw\u0105 Niemiecki Online El\u017cbieta Sztramska ul. Kr\u0119ta 1 c 62-023 Dachowa, wpisana do Centralnej Ewidencji i Informacji o Dzia\u0142alno\u015bci Gospodarczej pod numerem NIP: 5711592865, Regon&nbsp; 301945070 dalej jako Sprzedawca. Za po\u015brednictwem Serwisu, W\u0142a\u015bciciel Serwisu prowadzi sprzeda\u017c Produkt\u00f3w widocznych w Serwisie oraz \u015bwiadczy Us\u0142ugi elektroniczne<\/p>\n\n\n\n<p class=\" eplus-wrapper\"><strong>II Podstawowe poj\u0119cia<\/strong><\/p>\n\n\n\n<p class=\" eplus-wrapper\">Na potrzeby niniejszego Regulaminu, przyjmuje si\u0119 nast\u0119puj\u0105ce znaczenie poni\u017cszych poj\u0119\u0107:<\/p>\n\n\n<ol class=\"eplus-wrapper wp-block-list eplus-styles-uid-1e9612\">\n<li class=\" eplus-wrapper\"><strong>Regulamin<\/strong> \u2013 niniejszy Regulamin sprzeda\u017cy okre\u015blaj\u0105cy zasady korzystania ze Sklepu, sk\u0142adania zam\u00f3wie\u0144 oraz zasad realizacji zam\u00f3wie\u0144 przez Sprzedawc\u0119;<\/li>\n\n\n\n<li class=\" eplus-wrapper\"><strong>Dane p\u0142atno\u015bci\u00a0<\/strong>\u2013 interaktywny formularz dost\u0119pny w Serwisie umo\u017cliwiaj\u0105cy z\u0142o\u017cenie Zam\u00f3wienia, w szczeg\u00f3lno\u015bci umo\u017cliwiaj\u0105cy uzgodnienie warunk\u00f3w Umowy, w tym poprzez podanie danych osobowych Kupuj\u0105cego, a tak\u017ce ustalenie sposobu dostawy i p\u0142atno\u015bci.<\/li>\n\n\n\n<li class=\" eplus-wrapper\"><strong>Konsument\u00a0<\/strong>\u2013 osoba fizyczna zawieraj\u0105ca ze Sprzedawc\u0105 umow\u0119 niezwi\u0105zan\u0105 z bezpo\u015brednio z jej dzia\u0142alno\u015bci\u0105 gospodarcz\u0105 lub zawodow\u0105.<\/li>\n\n\n\n<li class=\" eplus-wrapper\"><strong>Klient<\/strong>\u00a0\u2013 osoba fizyczna (w tym Konsument), kt\u00f3ra uko\u0144czy\u0142a co najmniej 13 lat (pod warunkiem, \u017ce uzyska\u0142a zgod\u0119 przedstawiciela ustawowego), osoba prawna oraz jednostka organizacyjna nieb\u0119d\u0105ca osob\u0105 prawn\u0105, kt\u00f3rej przepisy szczeg\u00f3lne przyznaj\u0105 zdolno\u015b\u0107 prawn\u0105, kt\u00f3ra korzysta z\u00a0Us\u0142ug \u015bwiadczonych przez Sklep.<\/li>\n\n\n\n<li class=\" eplus-wrapper\"><strong>Koszyk\u00a0<\/strong>\u2013 element oprogramowania Serwisu, w kt\u00f3rym widoczne s\u0105 wybrane przez Kupuj\u0105cego Produkty do zakupu, posiadaj\u0105cy funkcjonalno\u015b\u0107 umo\u017cliwiaj\u0105c\u0105 ustalenie lub modyfikacj\u0119 Zam\u00f3wienia, w szczeg\u00f3lno\u015bci rodzaj lub ilo\u015b\u0107 Produkt\u00f3w.<\/li>\n\n\n\n<li class=\" eplus-wrapper\"><strong>Operator P\u0142atno\u015bci<\/strong>\u00a0\u2013 Przelewy24.pl<\/li>\n\n\n\n<li class=\" eplus-wrapper\"><strong>Sklep\u00a0<\/strong>\u2013 serwis internetowy, nale\u017c\u0105cy do Sprzedawcy, dost\u0119pny pod\u00a0domen\u0105: <a href=\"http:\/\/www.niemiecki-online.eu\">www.niemiecki-online.eu<\/a>\u00a0<\/li>\n\n\n\n<li class=\" eplus-wrapper\"><strong>Produkt\u00a0<\/strong>\u2013 dane wytwarzane i dostarczane w postaci cyfrowej, w tym w szczeg\u00f3lno\u015bci\u00a0 ebooki; tre\u015b\u0107 cyfrowa w rozumieniu art. 2 pkt 5 Ustawy o prawach konsumenta.<\/li>\n<\/ol>\n\n<ol class=\"eplus-wrapper wp-block-list eplus-styles-uid-fa6377\"><\/ol>\n\n<ol class=\"eplus-wrapper wp-block-list eplus-styles-uid-cb18d4\"><\/ol>\n\n<ol class=\"eplus-wrapper wp-block-list eplus-styles-uid-271fa2\"><\/ol>\n\n<ol class=\"eplus-wrapper wp-block-list eplus-styles-uid-46ed16\"><\/ol>\n\n\n<p class=\" eplus-wrapper\"><strong>&nbsp;III<\/strong> <strong>Postanowienia wst\u0119pne<\/strong><\/p>\n\n\n\n<p class=\" eplus-wrapper\">1. Za po\u015brednictwem Sklepu, Sprzedawca prowadzi sprzeda\u017c e-book\u00f3w, \u015bwiadcz\u0105c jednocze\u015bnie na rzecz Kupuj\u0105cego us\u0142ugi drog\u0105 elektroniczn\u0105 zgodnie z \u00a7 4 Regulaminu.<\/p>\n\n\n<ol class=\"eplus-wrapper wp-block-list eplus-styles-uid-40163f\"><\/ol>\n\n\n<p class=\" eplus-wrapper\">2. Regulamin okre\u015bla zasady i warunki korzystania ze Sklepu, a tak\u017ce prawa i obowi\u0105zki Sprzedawcy i Kupuj\u0105cego.<\/p>\n\n\n<ol class=\"eplus-wrapper wp-block-list eplus-styles-uid-4df582\"><\/ol>\n\n\n<p class=\" has-text-align-left eplus-wrapper\">a) Do dokonania zakupu za po\u015brednictwem Sklepu niezb\u0119dne jest:<br>    1)&nbsp; posiadanie dost\u0119pu do Internetu,<\/p>\n\n\n\n<p class=\" eplus-wrapper\">b) posiadanie adresu e-mail<\/p>\n\n\n\n<p class=\" eplus-wrapper\">c) zainstalowanie przegl\u0105darki internetowej<\/p>\n\n\n\n<p class=\" eplus-wrapper\">d) akceptacja plik\u00f3w cookies<\/p>\n\n\n<ol class=\"eplus-wrapper wp-block-list eplus-styles-uid-0be28e\"><\/ol>\n\n\n<p class=\" eplus-wrapper\">3. Kupuj\u0105cy nie mo\u017ce dokona\u0107 zakupu anonimowo, ani pod pseudonimem lub u\u017cywaj\u0105c niepoprawnych danych osobowych<\/p>\n\n\n\n<p class=\" eplus-wrapper\">4. Zakazane jest dostarczanie przez Kupuj\u0105cego tre\u015bci o charakterze bezprawnym, w szczeg\u00f3lno\u015bci poprzez przesy\u0142anie takich tre\u015bci w ramach formularzy dost\u0119pnych w Sklepie.<\/p>\n\n\n\n<p class=\" eplus-wrapper\">5. Kupuj\u0105cy uprawniony jest i zobowi\u0105zany do korzystania ze Sklepu zgodnie z jego przeznaczeniem oraz zasadami wsp\u00f3\u0142\u017cycia spo\u0142ecznego i dobrymi obyczajami.<\/p>\n\n\n\n<p class=\" eplus-wrapper\">6. Wszystkie ceny podane w Sklepie s\u0105 cenami brutto.<\/p>\n\n\n<ol class=\"eplus-wrapper wp-block-list eplus-styles-uid-a2105b\"><\/ol>\n\n\n<p class=\" eplus-wrapper\"><strong>IV<\/strong> <strong>Us\u0142ugi \u015bwiadczone drog\u0105 elektroniczn\u0105<\/strong><\/p>\n\n\n\n<p class=\" eplus-wrapper\">1. Za po\u015brednictwem Sklepu, Sprzedawca \u015bwiadczy na rzecz Kupuj\u0105cego us\u0142ug\u0119 drog\u0105 elektroniczn\u0105 polegaj\u0105c\u0105 na umo\u017cliwieniu Kupuj\u0105cemu zawarcia ze Sprzedawc\u0105 umowy o dostarczenie tre\u015bci cyfrowych w postaci e-book\u00f3w dost\u0119pnych w Sklepie. Zawarcie umowy mo\u017cliwe jest bez posiadania konta w Sklepie. Procedura zawarcia umowy opisana jest szczeg\u00f3\u0142owo w \u00a76 Regulaminu.<\/p>\n\n\n<ol class=\"eplus-wrapper wp-block-list eplus-styles-uid-cac226\"><\/ol>\n\n<ol class=\"eplus-wrapper wp-block-list eplus-styles-uid-a661bd\"><\/ol>\n\n\n<p class=\" eplus-wrapper\">2. Us\u0142ugi, o kt\u00f3rych mowa powy\u017cej, \u015bwiadczone s\u0105 na rzecz Kupuj\u0105cego nieodp\u0142atnie. Odp\u0142atne s\u0105 natomiast umowy o dostarczenie tre\u015bci cyfrowych zawierane za po\u015brednictwem Sklepu.<\/p>\n\n\n\n<p class=\" eplus-wrapper\">3. W celu zapewnienia bezpiecze\u0144stwa Kupuj\u0105cemu i przekazu danych w zwi\u0105zku z korzystaniem ze Sklepu, Sprzedawca podejmuje \u015brodki techniczne i organizacyjne odpowiednie do stopnia zagro\u017cenia bezpiecze\u0144stwa \u015bwiadczonych us\u0142ug, w szczeg\u00f3lno\u015bci \u015brodki s\u0142u\u017c\u0105ce zapobieganiu pozyskiwania i modyfikacji danych osobowych przez osoby nieuprawnione.<\/p>\n\n\n\n<p class=\" eplus-wrapper\">4. Sprzedawca podejmuje dzia\u0142ania w celu zapewnienia w pe\u0142ni poprawnego funkcjonowania Sklepu. Kupuj\u0105cy powinien poinformowa\u0107 Sprzedawc\u0119 o wszelkich nieprawid\u0142owo\u015bciach lub przerwach w funkcjonowaniu Sklepu.<\/p>\n\n\n\n<p class=\" eplus-wrapper\">5. Wszelkie reklamacje zwi\u0105zane z funkcjonowaniem Sklepu, Kupuj\u0105cy mo\u017ce zg\u0142asza\u0107 za po\u015brednictwem poczty elektronicznej na adres e-mail\u00a0<a href=\"mailto:el%C5%BCbieta.sztramska@gmail.pl\">el\u017cbieta.sztramska@gmail.pl<\/a>\u00a0 W reklamacji Kupuj\u0105cy powinien poda\u0107 imi\u0119 i nazwisko, adres do korespondencji, a tak\u017ce rodzaj i dat\u0119 wyst\u0105pienia nieprawid\u0142owo\u015bci zwi\u0105zanej z funkcjonowaniem Sklepu. Sprzedawca b\u0119dzie rozpatrywa\u0107 wszelkie reklamacje w terminie do 14 dni od otrzymania reklamacji i poinformuje Klienta o jej rozstrzygni\u0119ciu na adres e-mail sk\u0142adaj\u0105cego reklamacj\u0119.<\/p>\n\n\n<ol class=\"eplus-wrapper wp-block-list eplus-styles-uid-cc3ed8\"><\/ol>\n\n\n<p class=\" eplus-wrapper\"><strong>V<\/strong> <strong>Prawa w\u0142asno\u015bci intelektualnej<\/strong><\/p>\n\n\n\n<p class=\" eplus-wrapper\">1. Sprzedawca poucza niniejszym Kupuj\u0105cego, \u017ce e-booki dost\u0119pne w Sklepie stanowi\u0105 utwory w rozumieniu ustawy z dnia 4 lutego 1994 r. o prawie autorskim i prawach pokrewnych, do kt\u00f3rych prawa autorskie przys\u0142uguj\u0105 Sprzedawcy.<\/p>\n\n\n\n<p class=\" eplus-wrapper\">2. Sprzedawca poucza niniejszym Kupuj\u0105cego, \u017ce dalsze rozpowszechnianie e-book\u00f3w przez Kupuj\u0105cego bez zgody Sprzedawcy stanowi naruszenie praw autorskich przys\u0142uguj\u0105cych Sprzedawcy i mo\u017ce skutkowa\u0107 odpowiedzialno\u015bci\u0105 cywiln\u0105 lub karn\u0105.<\/p>\n\n\n<ol class=\"eplus-wrapper wp-block-list eplus-styles-uid-fb5abc\"><\/ol>\n\n<ol class=\"eplus-wrapper wp-block-list eplus-styles-uid-6f3dd0\"><\/ol>\n\n\n<p class=\" eplus-wrapper\"><strong>VI<\/strong> <strong>Zawieranie i wykonanie umowy<\/strong><\/p>\n\n\n\n<p class=\" eplus-wrapper\">1. W celu zakupu e-booka, Kupuj\u0105cy musi podj\u0105\u0107 nast\u0119puj\u0105ce kroki:<br>a) doda\u0107 produkt lub produkty do koszyka, klikaj\u0105c w przycisk \u201eDodaj do koszyka\u201d,<br>b) z widoku koszyka, klikn\u0105\u0107 w przycisk \u201ePrzejd\u017a do p\u0142atno\u015bci\u201d,<br>c) wype\u0142ni\u0107 formularz zam\u00f3wienia, podaj\u0105c dane niezb\u0119dne do realizacji zam\u00f3wienia i wybieraj\u0105c spos\u00f3b p\u0142atno\u015bci;<br>d) zaakceptowa\u0107 Regulamin \u2013 akceptacja Regulaminu jest dobrowolna, ale niezb\u0119dna do dokonania zakupu,<br>e) klikn\u0105\u0107 w przycisk \u201eKupuj\u0119 i p\u0142ac\u0119\u201d.<\/p>\n\n\n<ol class=\"eplus-wrapper wp-block-list eplus-styles-uid-6841b3\"><\/ol>\n\n\n<p class=\" eplus-wrapper\">2. Po klikni\u0119ciu w przycisk \u201eKupuj\u0119 i p\u0142ac\u0119\u201d, Kupuj\u0105cy zostanie przeniesiony na stron\u0119 Operatora P\u0142atno\u015bci celem dokonania zap\u0142aty ceny za wybrane e-booki.<\/p>\n\n\n\n<p class=\" eplus-wrapper\">3. Po skutecznym dokonaniu p\u0142atno\u015bci, Kupuj\u0105cy zostanie przeniesiony na Stron\u0119 z potwierdzeniem zakupu. Z t\u0105 chwil\u0105 umow\u0119 o dostarczenie tre\u015bci cyfrowych w postaci wybranych e-book\u00f3w uwa\u017ca si\u0119 za zawart\u0105 mi\u0119dzy Kupuj\u0105cym a Sprzedawc\u0105. Potwierdzenie zakupu Kupuj\u0105cy otrzyma r\u00f3wnie\u017c na adres e-mail podany w formularzu zam\u00f3wienia.<\/p>\n\n\n\n<p class=\" eplus-wrapper\">4. Realizacja zam\u00f3wienia rozpoczyna si\u0119 po otrzymaniu przez Serwis potwierdzenia poprawnego wykonania operacji od operatora p\u0142atno\u015bci, w przypadku przelewu bankowego \u2013 po wp\u0142yni\u0119ciu wp\u0142aty na konto Serwisu.<\/p>\n\n\n\n<p class=\" eplus-wrapper\">5. Produkt zostaje wys\u0142any na wskazany przez Kupuj\u0105cego przy zakupie adresu e-mail.<\/p>\n\n\n\n<p class=\" eplus-wrapper\">6. Produkt mo\u017ce by\u0107 z niego pobrany tyle razy ile razy wskazywa\u0142a na to widoczna na karcie produktu liczba pobra\u0144.<\/p>\n\n\n\n<p class=\" eplus-wrapper\">7. Sklep mo\u017ce wprowadza\u0107 nowe Produkty do oferty Sklepu, nowe ceny oraz akcje promocyjne, co nie wp\u0142ywa na realizacj\u0119 um\u00f3w zawartych w wyniku zam\u00f3wie\u0144 z\u0142o\u017conych wcze\u015bniej.<\/p>\n\n\n\n<p class=\" eplus-wrapper\">8. Kupuj\u0105cy zobowi\u0105zany jest korzysta\u0107 z e-booka w spos\u00f3b zgodny z prawem, Regulaminem i dobrymi obyczajami, a w szczeg\u00f3lno\u015bci nie rozpowszechnia\u0107 e-booka ani jego poszczeg\u00f3lnych fragment\u00f3w bez uprzedniej zgody Sprzedawcy.<\/p>\n\n\n<ol class=\"eplus-wrapper wp-block-list eplus-styles-uid-b69eb6\"><\/ol>\n\n\n<p class=\" eplus-wrapper\"><strong>VII Odst\u0105pienie Konsumenta od umowy<\/strong><\/p>\n\n\n\n<p class=\" eplus-wrapper\">1. Kupuj\u0105cy b\u0119d\u0105cy Konsumentem ma prawo odst\u0105pi\u0107 od zawartej ze Sprzedawc\u0105 umowy w terminie 14 dni od dnia zawarcia umowy.<\/p>\n\n\n\n<p class=\" eplus-wrapper\">2. U\u017cytkownik b\u0119d\u0105cy Konsumentem ma prawo odst\u0105pi\u0107 od zawartej ze Sprzedawc\u0105 umowy w terminie 14 dni od dnia zawarcia umowy. Aby skorzysta\u0107 z prawa odst\u0105pienia od umowy, U\u017cytkownik musi poinformowa\u0107 Sprzedawc\u0119 o swojej decyzji o odst\u0105pieniu od umowy w drodze jednoznacznego o\u015bwiadczenia (na przyk\u0142ad pismo wys\u0142ane poczt\u0105 lub poczt\u0105 elektroniczn\u0105). Aby zachowa\u0107 termin do odst\u0105pienia od umowy, wystarczy, aby U\u017cytkownik wys\u0142a\u0142 informacj\u0119 dotycz\u0105c\u0105 wykonania przys\u0142uguj\u0105cego mu prawa odst\u0105pienia od umowy przed up\u0142ywem terminu do odst\u0105pienia od umowy.<\/p>\n\n\n\n<p class=\" eplus-wrapper\">3. Je\u017celi przedmiotem Zam\u00f3wienia s\u0105 tre\u015bci cyfrowe Kupuj\u0105cy potwierdza, \u017ce jest \u015bwiadomy, i\u017c w ten spos\u00f3b traci prawo do odst\u0105pienia od umowy.<\/p>\n\n\n<ol class=\"eplus-wrapper wp-block-list eplus-styles-uid-a96419\"><\/ol>\n\n\n<p class=\" eplus-wrapper\"><strong>VIII <\/strong>Pozas\u0105dowe sposoby rozwi\u0105zywania reklamacji i dochodzenia roszcze\u0144 przez konsumenta<\/p>\n\n\n\n<p class=\" eplus-wrapper\">1. Kupuj\u0105cy b\u0119d\u0105cy Konsumentem posiada nast\u0119puj\u0105ce przyk\u0142adowe mo\u017cliwo\u015bci skorzystania z pozas\u0105dowych sposob\u00f3w rozpatrywania reklamacji dochodzenia roszcze\u0144. Kupuj\u0105cy ma mi\u0119dzy innymi mo\u017cliwo\u015b\u0107:<\/p>\n\n\n\n<p class=\" eplus-wrapper\">a) zwr\u00f3cenia si\u0119 do sta\u0142ego polubownego s\u0105du konsumenckiego z wnioskiem o rozstrzygni\u0119cie sporu wynik\u0142ego z zawartej Umowy;<\/p>\n\n\n\n<p class=\" eplus-wrapper\">b) zwr\u00f3cenia si\u0119 do wojew\u00f3dzkiego inspektora Inspekcji Handlowej z wnioskiem o wszcz\u0119cie post\u0119powania mediacyjnego w sprawie polubownego zako\u0144czenia sporu mi\u0119dzy Konsumentem a W\u0142a\u015bcicielem Serwisu;<\/p>\n\n\n\n<p class=\" eplus-wrapper\">c) skorzystania z pomocy powiatowego (miejskiego) rzecznika konsument\u00f3w lub organizacji spo\u0142ecznej, do kt\u00f3rej zada\u0144 statutowych nale\u017cy ochrona konsument\u00f3w, np. Federacja Konsument\u00f3w, Stowarzyszenie Konsument\u00f3w Polskich.<\/p>\n\n\n\n<p class=\" eplus-wrapper\">2. Konsument mo\u017ce r\u00f3wnie\u017c skorzysta\u0107 z platformy ODR, kt\u00f3ra stanowi interaktywn\u0105 i wieloj\u0119zyczn\u0105 stron\u0119 internetow\u0105 z punktem kompleksowej obs\u0142ugi Konsument\u00f3w i Przedsi\u0119biorc\u00f3w d\u0105\u017c\u0105cych do pozas\u0105dowego rozstrzygni\u0119cia sporu dotycz\u0105cego zobowi\u0105za\u0144 umownych wynikaj\u0105cych z internetowej umowy sprzeda\u017cy lub umowy o \u015bwiadczenie us\u0142ug.<\/p>\n\n\n\n<p class=\" eplus-wrapper\">3. Szczeg\u00f3\u0142owe informacje dotycz\u0105ce mo\u017cliwo\u015bci skorzystania przez Konsumenta z pozas\u0105dowych sposob\u00f3w rozpatrywania reklamacji i dochodzenia roszcze\u0144 oraz zasady dost\u0119pu do tych procedur dost\u0119pne s\u0105 w siedzibach oraz na stronach internetowych powiatowych (miejskich) rzecznik\u00f3w konsument\u00f3w, organizacji spo\u0142ecznych, do kt\u00f3rych zada\u0144 statutowych nale\u017cy ochrona konsument\u00f3w, Wojew\u00f3dzkich Inspektor\u00f3w Inspekcji Handlowej oraz pod na stronie Urz\u0119du Ochrony Konkurencji i Konsument\u00f3w.&nbsp;<\/p>\n\n\n\n<p class=\" eplus-wrapper\"><strong>VIII Odpowiedzialno\u015b\u0107 za wady<\/strong><\/p>\n\n\n\n<p class=\" eplus-wrapper\">1. Sprzedawca ma obowi\u0105zek dostarczy\u0107 Kupuj\u0105cemu e-book wolny od wad.<\/p>\n\n\n\n<p class=\" eplus-wrapper\">2. Sprzedawca jest odpowiedzialny wzgl\u0119dem Kupuj\u0105cego, je\u017celi e-book ma wad\u0119 fizyczn\u0105 lub prawn\u0105 (r\u0119kojmia za wady).<\/p>\n\n\n<ol class=\"eplus-wrapper wp-block-list eplus-styles-uid-b99f84\"><\/ol>\n\n\n<p class=\" eplus-wrapper\">3. Je\u017celi sprzedany produkt ma wad\u0119, Kupuj\u0105cy mo\u017ce:<br>1) \u017c\u0105da\u0107 wymiany produktu na wolny od wad,<br>2) \u017c\u0105da\u0107 usuni\u0119cia wady,<br>3) z\u0142o\u017cy\u0107 o\u015bwiadczenie o obni\u017ceniu ceny,<br>5) z\u0142o\u017cy\u0107 o\u015bwiadczenie o odst\u0105pieniu od umowy.<\/p>\n\n\n\n<p class=\" eplus-wrapper\">4. Je\u015bli Kupuj\u0105cy stwierdzi wad\u0119 produktu, powinien poinformowa\u0107 o tym Sprzedawc\u0119, okre\u015blaj\u0105c jednocze\u015bnie swoje roszczenie zwi\u0105zane ze stwierdzon\u0105 wad\u0105 lub sk\u0142adaj\u0105c o\u015bwiadczenie stosownej tre\u015bci.<\/p>\n\n\n\n<p class=\" eplus-wrapper\">5. Sprzedawca ustosunkuje si\u0119 do sk\u0142adanej przez Kupuj\u0105cego reklamacji w ci\u0105gu 14 dni od dnia dor\u0119czenia mu reklamacji za pomoc\u0105 takiego \u015brodka komunikacji, przy wykorzystaniu kt\u00f3rego reklamacja zosta\u0142a z\u0142o\u017cona.<\/p>\n\n\n<ol class=\"eplus-wrapper wp-block-list eplus-styles-uid-f5e067\"><\/ol>\n\n\n<p class=\" eplus-wrapper\"><strong>IX Dane osobowe i pliki cookies<\/strong><\/p>\n\n\n\n<p class=\" eplus-wrapper\">Zasady przetwarzania danych osobowych oraz wykorzystywania plik\u00f3w cookies opisane zosta\u0142y w Polityce prywatno\u015bci&nbsp;<\/p>\n\n\n\n<p class=\" eplus-wrapper\"><strong>X Postanowienia ko\u0144cowe<\/strong><\/p>\n\n\n\n<p class=\" eplus-wrapper\">1. Sprzedawca zastrzega sobie prawo do wprowadzania oraz odwo\u0142ywania ofert, promocji oraz do zmiany cen produkt\u00f3w w Sklepie bez uszczerbku dla praw nabytych przez Kupuj\u0105cego, w tym w szczeg\u00f3lno\u015bci warunk\u00f3w um\u00f3w zawartych przed dokonaniem zmiany.<\/p>\n\n\n\n<p class=\" eplus-wrapper\">2. Sprzedawca zastrzega sobie mo\u017cliwo\u015b\u0107 wprowadzania zmian w Regulaminie. Do um\u00f3w zawartych przed zmian\u0105 Regulaminu stosuje si\u0119 Regulamin obowi\u0105zuj\u0105cy w dacie zawarcia umowy.<\/p>\n\n\n\n<p class=\" eplus-wrapper\">3. Niniejszy Regulamin obowi\u0105zuje od dnia 21.12.2023<\/p>\n\n\n<ol class=\"eplus-wrapper wp-block-list eplus-styles-uid-2d9703\"><\/ol>","protected":false},"excerpt":{"rendered":"<p>I Informacje o serwisie W\u0142a\u015bcicielem serwisu dost\u0119pnego pod adresem www.niemiecki-online.eu jest El\u017cbieta Sztramska prowadz\u0105ca dzia\u0142alno\u015b\u0107 gospodarcz\u0105 pod nazw\u0105 Niemiecki Online El\u017cbieta Sztramska ul. Kr\u0119ta 1 c 62-023 Dachowa, wpisana do Centralnej Ewidencji i Informacji o Dzia\u0142alno\u015bci Gospodarczej pod numerem NIP: 5711592865, Regon&nbsp; 301945070 dalej jako Sprzedawca. Za po\u015brednictwem Serwisu, W\u0142a\u015bciciel Serwisu prowadzi sprzeda\u017c Produkt\u00f3w widocznych [&hellip;]<\/p>\n","protected":false},"author":1,"featured_media":0,"parent":0,"menu_order":0,"comment_status":"closed","ping_status":"closed","template":"","meta":{"editor_plus_copied_stylings":"{}","_themeisle_gutenberg_block_has_review":false,"footnotes":""},"class_list":["post-459","page","type-page","status-publish","hentry"],"jetpack_sharing_enabled":true,"_links":{"self":[{"href":"https:\/\/niemiecki-online.eu\/index.php?rest_route=\/wp\/v2\/pages\/459","targetHints":{"allow":["GET"]}}],"collection":[{"href":"https:\/\/niemiecki-online.eu\/index.php?rest_route=\/wp\/v2\/pages"}],"about":[{"href":"https:\/\/niemiecki-online.eu\/index.php?rest_route=\/wp\/v2\/types\/page"}],"author":[{"embeddable":true,"href":"https:\/\/niemiecki-online.eu\/index.php?rest_route=\/wp\/v2\/users\/1"}],"replies":[{"embeddable":true,"href":"https:\/\/niemiecki-online.eu\/index.php?rest_route=%2Fwp%2Fv2%2Fcomments&post=459"}],"version-history":[{"count":7,"href":"https:\/\/niemiecki-online.eu\/index.php?rest_route=\/wp\/v2\/pages\/459\/revisions"}],"predecessor-version":[{"id":893,"href":"https:\/\/niemiecki-online.eu\/index.php?rest_route=\/wp\/v2\/pages\/459\/revisions\/893"}],"wp:attachment":[{"href":"https:\/\/niemiecki-online.eu\/index.php?rest_route=%2Fwp%2Fv2%2Fmedia&parent=459"}],"curies":[{"name":"wp","href":"https:\/\/api.w.org\/{rel}","templated":true}]}}