{"id":194,"date":"2023-12-15T16:36:24","date_gmt":"2023-12-15T15:36:24","guid":{"rendered":"https:\/\/niemiecki-online.eu\/?post_type=product&#038;p=194"},"modified":"2024-01-05T10:32:06","modified_gmt":"2024-01-05T09:32:06","slug":"e-book","status":"publish","type":"product","link":"https:\/\/niemiecki-online.eu\/?product=e-book","title":{"rendered":"Pary nie do pary"},"content":{"rendered":"\r\n<p><span style=\"font-family: arial, helvetica, sans-serif; font-size: 17px;\">W E-booku \u201ePary nie do pary\u201d znajdziesz: <\/span><\/p>\r\n<ul>\r\n<li><span style=\"font-size: 17px;\">przyst\u0119pnie streszczon\u0105 teori\u0119 odmiany czasownika w j. niemieckim<\/span><\/li>\r\n<li><span style=\"font-size: 17px;\">praktyczne \u0107wiczenia dla ka\u017cdej pary czasownik\u00f3w z osobna (\u0142\u0105cznie poznasz 20 czasownik\u00f3w)<\/span><\/li>\r\n<li><span style=\"font-size: 17px;\">zadania podsumowuj\u0105ce wszystkie prze\u0107wiczone w E-booku czasowniki \u0142\u0105cznie 48 praktycznych zada\u0144 wraz z kluczem odpowiedzi \u0107wiczenia konsultowane i sprawdzane przez 2 Native Speaker\u00f3w<\/span><\/li>\r\n<li><span style=\"font-size: 17px;\">tabele z najwa\u017cniejszymi informacjami (odmiana czasownika, czasowniki przeciwstawne z t\u0142umaczeniem) do wydruku<\/span><\/li>\r\n<li><span style=\"font-size: 17px;\">Liczba stron: 56<\/span><\/li>\r\n<\/ul>\r\n<p><span style=\"font-family: arial, helvetica, sans-serif; font-size: 17px;\">Ten E-book jest dla Ciebie, je\u015bli:<\/span><\/p>\r\n<ul>\r\n<li><span style=\"font-size: 17px;\">chcesz pozna\u0107, prze\u0107wiczy\u0107, powt\u00f3rzy\u0107 i wreszcie zapami\u0119ta\u0107 cz\u0119sto u\u017cywane, a zarazem mylone pary czasownik\u00f3w<\/span><\/li>\r\n<li><span style=\"font-size: 17px;\">chcesz wzbogaci\u0107 swoje s\u0142ownictwo dotycz\u0105ce \u017cycia codziennego<\/span><\/li>\r\n<li><span style=\"font-size: 17px;\">jeste\u015b pocz\u0105tkuj\u0105cy\/-a, ale opanowa\u0142e\u015b\/-a\u015b ju\u017c podstawy gramatyki j. niemieckiego<\/span><\/li>\r\n<li><span style=\"font-size: 17px;\">jeste\u015b na poziomie \u015bredniozaawansowanym i chcia\u0142by\u015b\/chcia\u0142aby\u015b od\u015bwie\u017cy\u0107 lub utrwali\u0107 s\u0142ownictwo z poziomu A2\/B1<\/span><\/li>\r\n<li><span style=\"font-size: 17px;\">chcesz przy okazji po\u0107wiczy\u0107 odmian\u0119 czasownik\u00f3w rozdzielnie i nierozdzielnie z\u0142o\u017conych, budow\u0119 zdania oraz odmian\u0119 w Akk. i Dat.<\/span><\/li>\r\n<\/ul>\r\n","protected":false},"excerpt":{"rendered":"<div class=\"flex-1 overflow-hidden\">\n<div class=\"react-scroll-to-bottom--css-pxrbf-79elbk h-full\">\n<div class=\"react-scroll-to-bottom--css-pxrbf-1n7m0yu\">\n<div class=\"flex flex-col pb-9 text-sm\">\n<div class=\"w-full text-token-text-primary\" data-testid=\"conversation-turn-5\">\n<div class=\"px-4 py-2 justify-center text-base md:gap-6 m-auto\">\n<div class=\"flex flex-1 text-base mx-auto gap-3 md:px-5 lg:px-1 xl:px-5 md:max-w-3xl lg:max-w-[40rem] xl:max-w-[48rem] group final-completion\">\n<div class=\"relative flex w-full flex-col lg:w-[calc(100%-115px)] agent-turn\">\n<div class=\"flex-col gap-1 md:gap-3\">\n<div class=\"flex flex-grow flex-col max-w-full\">\n<div class=\"min-h-[20px] text-message flex flex-col items-start gap-3 whitespace-pre-wrap break-words [.text-message+&amp;]:mt-5 overflow-x-auto\" data-message-author-role=\"assistant\" data-message-id=\"72b7b1cf-2cf9-4174-9165-133715e58760\">\n<div class=\"markdown prose w-full break-words dark:prose-invert light\">\n<p>\u201ePary nie do pary\u201d to e-book do samodzielnej nauki, kt\u00f3ry pomo\u017ce Ci zapami\u0119ta\u0107 cz\u0119sto mylone pary czasownik\u00f3w w j\u0119zyku niemieckim. Dzi\u0119ki niemu <strong>poszerzysz swoje s\u0142ownictwo i opanujesz k\u0142opotliwe s\u0142\u00f3wka<\/strong>. Liczba stron: <strong>56<\/strong><\/p>\n<div>\u00a0<\/div>\n<\/div>\n<\/div>\n<\/div>\n<\/div>\n<\/div>\n<\/div>\n<\/div>\n<\/div>\n<\/div>\n<\/div>\n<\/div>\n<\/div>\n","protected":false},"featured_media":264,"template":"","meta":{"editor_plus_copied_stylings":"{}","_themeisle_gutenberg_block_has_review":false},"product_brand":[],"product_cat":[21],"product_tag":[],"class_list":{"0":"post-194","1":"product","2":"type-product","3":"status-publish","4":"has-post-thumbnail","6":"product_cat-e-book","8":"first","9":"instock","10":"downloadable","11":"virtual","12":"purchasable","13":"product-type-simple"},"jetpack_sharing_enabled":true,"_links":{"self":[{"href":"https:\/\/niemiecki-online.eu\/index.php?rest_route=\/wp\/v2\/product\/194","targetHints":{"allow":["GET"]}}],"collection":[{"href":"https:\/\/niemiecki-online.eu\/index.php?rest_route=\/wp\/v2\/product"}],"about":[{"href":"https:\/\/niemiecki-online.eu\/index.php?rest_route=\/wp\/v2\/types\/product"}],"wp:featuredmedia":[{"embeddable":true,"href":"https:\/\/niemiecki-online.eu\/index.php?rest_route=\/wp\/v2\/media\/264"}],"wp:attachment":[{"href":"https:\/\/niemiecki-online.eu\/index.php?rest_route=%2Fwp%2Fv2%2Fmedia&parent=194"}],"wp:term":[{"taxonomy":"product_brand","embeddable":true,"href":"https:\/\/niemiecki-online.eu\/index.php?rest_route=%2Fwp%2Fv2%2Fproduct_brand&post=194"},{"taxonomy":"product_cat","embeddable":true,"href":"https:\/\/niemiecki-online.eu\/index.php?rest_route=%2Fwp%2Fv2%2Fproduct_cat&post=194"},{"taxonomy":"product_tag","embeddable":true,"href":"https:\/\/niemiecki-online.eu\/index.php?rest_route=%2Fwp%2Fv2%2Fproduct_tag&post=194"}],"curies":[{"name":"wp","href":"https:\/\/api.w.org\/{rel}","templated":true}]}}